{"id":2,"date":"2016-02-15T10:47:22","date_gmt":"2016-02-15T09:47:22","guid":{"rendered":"http:\/\/rustikal24.de\/\/?page_id=2"},"modified":"2016-04-30T22:53:59","modified_gmt":"2016-04-30T20:53:59","slug":"beispiel-seite","status":"publish","type":"page","link":"https:\/\/rustikal24.de\/?page_id=2","title":{"rendered":"Produkte"},"content":{"rendered":"<p>Hier finden Sie eine Liste unsere rustikalen Indoor und Outdoor M\u00f6bel<\/p>\n<p>Die Lieferzeit betr\u00e4gt 4-6 Wochen nach Auftrsgabest\u00e4tigung.<\/p>\n<p>Gerne fertigen wir auch Sonderw\u00fcnsche f\u00fcr Sie an.<\/p>\n<p><a href=\"http:\/\/rustikal24.de\/wp-content\/uploads\/2016\/02\/Rustikal24-Bestellformular.pdf\">Rustikal24-Bestellformular als PDF<\/a><\/p>\n<p><a href=\"http:\/\/rustikal24.de\/wp-content\/uploads\/2016\/02\/Rustikal24-Bestellformular.xls\">Rustikal24-Bestellformular als Excel Datei<\/a><\/p>\n<div id=\"attachment_17\" style=\"width: 310px\" class=\"wp-caption alignnone\"><img aria-describedby=\"caption-attachment-17\" decoding=\"async\" loading=\"lazy\" class=\"size-medium wp-image-17\" src=\"http:\/\/rustikal24.de\/wp-content\/uploads\/2016\/02\/Casa-Padrino-Garten-M\u00f6bel-Set-Pavillon-Pergola-Rusikal-Eiche-Massivholz-1a-300x220.jpg\" alt=\"Rustikale Gartenbank mit Tisch \u00fcberdacht\" width=\"300\" height=\"220\" srcset=\"https:\/\/rustikal24.de\/wp-content\/uploads\/2016\/02\/Casa-Padrino-Garten-M\u00f6bel-Set-Pavillon-Pergola-Rusikal-Eiche-Massivholz-1a-300x220.jpg 300w, https:\/\/rustikal24.de\/wp-content\/uploads\/2016\/02\/Casa-Padrino-Garten-M\u00f6bel-Set-Pavillon-Pergola-Rusikal-Eiche-Massivholz-1a.jpg 444w\" sizes=\"(max-width: 300px) 100vw, 300px\" \/><p id=\"caption-attachment-17\" class=\"wp-caption-text\">Rustikale Gartenbank mit Tisch \u00fcberdacht<\/p><\/div>\n<div id=\"attachment_19\" style=\"width: 310px\" class=\"wp-caption alignnone\"><img aria-describedby=\"caption-attachment-19\" decoding=\"async\" loading=\"lazy\" class=\"size-medium wp-image-19\" src=\"http:\/\/rustikal24.de\/wp-content\/uploads\/2016\/02\/Casa-Padrino-Garten-Moebel-Set-Rustikal-Eiche-Tisch-300x172.jpg\" alt=\"Rustikales Gartenm\u00f6bel Set aus massiven Eichenholz\" width=\"300\" height=\"172\" srcset=\"https:\/\/rustikal24.de\/wp-content\/uploads\/2016\/02\/Casa-Padrino-Garten-Moebel-Set-Rustikal-Eiche-Tisch-300x172.jpg 300w, https:\/\/rustikal24.de\/wp-content\/uploads\/2016\/02\/Casa-Padrino-Garten-Moebel-Set-Rustikal-Eiche-Tisch.jpg 400w\" sizes=\"(max-width: 300px) 100vw, 300px\" \/><p id=\"caption-attachment-19\" class=\"wp-caption-text\">Rustikales Gartenm\u00f6bel Set aus massiven Eichenholz<\/p><\/div>\n","protected":false},"excerpt":{"rendered":"<p>Hier finden Sie eine Liste unsere rustikalen Indoor und Outdoor M\u00f6bel Die Lieferzeit betr\u00e4gt 4-6 Wochen nach Auftrsgabest\u00e4tigung. Gerne fertigen wir auch Sonderw\u00fcnsche f\u00fcr Sie an. Rustikal24-Bestellformular als PDF Rustikal24-Bestellformular als Excel Datei<\/p>\n","protected":false},"author":1,"featured_media":0,"parent":0,"menu_order":1,"comment_status":"closed","ping_status":"open","template":"","meta":[],"_links":{"self":[{"href":"https:\/\/rustikal24.de\/index.php?rest_route=\/wp\/v2\/pages\/2"}],"collection":[{"href":"https:\/\/rustikal24.de\/index.php?rest_route=\/wp\/v2\/pages"}],"about":[{"href":"https:\/\/rustikal24.de\/index.php?rest_route=\/wp\/v2\/types\/page"}],"author":[{"embeddable":true,"href":"https:\/\/rustikal24.de\/index.php?rest_route=\/wp\/v2\/users\/1"}],"replies":[{"embeddable":true,"href":"https:\/\/rustikal24.de\/index.php?rest_route=%2Fwp%2Fv2%2Fcomments&post=2"}],"version-history":[{"count":8,"href":"https:\/\/rustikal24.de\/index.php?rest_route=\/wp\/v2\/pages\/2\/revisions"}],"predecessor-version":[{"id":20,"href":"https:\/\/rustikal24.de\/index.php?rest_route=\/wp\/v2\/pages\/2\/revisions\/20"}],"wp:attachment":[{"href":"https:\/\/rustikal24.de\/index.php?rest_route=%2Fwp%2Fv2%2Fmedia&parent=2"}],"curies":[{"name":"wp","href":"https:\/\/api.w.org\/{rel}","templated":true}]}}